{"id":1133,"date":"2017-01-18T14:04:38","date_gmt":"2017-01-18T19:04:38","guid":{"rendered":"http:\/\/master.wps.dlcserver.com\/fr\/commercial-leasing\/"},"modified":"2017-10-25T19:53:30","modified_gmt":"2017-10-25T23:53:30","slug":"commercial-leasing","status":"publish","type":"page","link":"https:\/\/danielleking.ca\/fr\/commercial-leasing\/","title":{"rendered":"Pr\u00eats commerciaux &#038; Cr\u00e9dit-Bail"},"content":{"rendered":"<div class=\"section\">\n<p>Some common commercial mortgage products provide funding for:<\/p>\n<div class=\"col-md-4\">\n<ul class=\"disc\">\n<li>Income properties<\/li>\n<li>Multi-residential properties<\/li>\n<li>Bridge financing<\/li>\n<li>Restaurants<\/li>\n<\/ul>\n<\/div>\n<div class=\"col-md-4\">\n<ul class=\"disc\">\n<li>Industrial properties<\/li>\n<li>Office properties<\/li>\n<li>Self storage<\/li>\n<li>Retail malls<\/li>\n<\/ul>\n<\/div>\n<div class=\"col-md-4\">\n<ul class=\"disc\">\n<li>Raw land financing<\/li>\n<li>Start ups financing<\/li>\n<li>Debt consolidation<\/li>\n<\/ul>\n<\/div>\n<div class=\"section\">\n<h2>Benefits of using a Leasing Professional<\/h2>\n<div class=\"section\">\n<p>A Dominion Lending Centres leasing professional can help you in discovering multiple ways to structure lease financing for new equipment, a sale-lease back to extract capital from existing assets, or solve other equipment acquisition opportunities. Many of our lease professionals are also mortgage brokers who can use commercial and residential mortgage and property credit-line products alone or in combination with lease-financing to help you achieve the best solution for equipment acquisition.<\/p>\n<h2>Benefits of using Dominion Lending Centres Leasing<\/h2>\n<p>As a franchise organization with local ownership of our street-front locations, you get committed, local-office presence with a team that understands your market, is in your time-zone, and has community-involvement and knowledge. Our national credit office offers the best tools, underwriting centre, and efficiency in the leasing business today.<\/p>\n<p>With leading funding resources, we provide the best opportunity for approvals with the lowest monthly payments.<\/p>\n<p>Why rely on only one or two lease-sources when you can have over 30 specialty lease-funding sources in Canada and the United States.<\/p>\n<p>Creative and flexible, Dominion Lending Centres Leasing can break up large-dollar transactions into multiple leases across a number of funders to ease and simplify the approval process.<\/p>\n<p>Exposure limits are not an issue as we simply move the lessee to additional funding resources when exposure-limits are imposed by each funding source.<\/p>\n<p>Dominion Lending Centres Leasing provides a broad range of auto &amp; equipment leasing programs which dramatically increases our capabilities at solving the most challenging equipment acquisition challenges.<\/p>\n<\/div>\n<div id=\"request-panel\" class=\"clr\"><\/div>\n<\/div>\n<p>                      <!-- CALCULATORS --><\/p><\/div>\n","protected":false},"excerpt":{"rendered":"<p>Commercial Mortgages are designed for businesses and investors who wish to purchase or refinance commercial, income producing properties and offer a flexible way to raise capital.<\/p>\n","protected":false},"author":1,"featured_media":1069,"parent":0,"menu_order":0,"comment_status":"closed","ping_status":"closed","template":"","meta":[],"yoast_head":"<!-- This site is optimized with the Yoast SEO plugin v17.1 - https:\/\/yoast.com\/wordpress\/plugins\/seo\/ -->\n<meta name=\"robots\" content=\"index, follow, max-snippet:-1, max-image-preview:large, max-video-preview:-1\" \/>\n<link rel=\"canonical\" href=\"https:\/\/danielleking.ca\/fr\/commercial-leasing\/\" \/>\n<meta property=\"og:locale\" content=\"fr_FR\" \/>\n<meta property=\"og:type\" content=\"article\" \/>\n<meta property=\"og:title\" content=\"Pr\u00eats commerciaux &amp; Cr\u00e9dit-Bail - Centres Hypoth\u00e9caires Dominion\" \/>\n<meta property=\"og:description\" content=\"Commercial Mortgages are designed for businesses and investors who wish to purchase or refinance commercial, income producing properties and offer a flexible way to raise capital.\" \/>\n<meta property=\"og:url\" content=\"https:\/\/danielleking.ca\/fr\/commercial-leasing\/\" \/>\n<meta property=\"og:site_name\" content=\"Centres Hypoth\u00e9caires Dominion\" \/>\n<meta property=\"article:modified_time\" content=\"2017-10-25T23:53:30+00:00\" \/>\n<meta property=\"og:image\" content=\"https:\/\/danielleking.ca\/wp-content\/uploads\/2016\/12\/our-rates.jpg\" \/>\n\t<meta property=\"og:image:width\" content=\"1200\" \/>\n\t<meta property=\"og:image:height\" content=\"611\" \/>\n<meta name=\"twitter:card\" content=\"summary\" \/>\n<meta name=\"twitter:label1\" content=\"Dur\u00e9e de lecture est.\" \/>\n\t<meta name=\"twitter:data1\" content=\"1 minute\" \/>\n<script type=\"application\/ld+json\" class=\"yoast-schema-graph\">{\"@context\":\"https:\/\/schema.org\",\"@graph\":[{\"@type\":\"WebSite\",\"@id\":\"https:\/\/danielleking.ca\/#website\",\"url\":\"https:\/\/danielleking.ca\/\",\"name\":\"Centres Hypoth\\u00e9caires Dominion\",\"description\":\"Just another WordPress site\",\"potentialAction\":[{\"@type\":\"SearchAction\",\"target\":{\"@type\":\"EntryPoint\",\"urlTemplate\":\"https:\/\/danielleking.ca\/?s={search_term_string}\"},\"query-input\":\"required name=search_term_string\"}],\"inLanguage\":\"fr-FR\"},{\"@type\":\"ImageObject\",\"@id\":\"https:\/\/danielleking.ca\/fr\/commercial-leasing\/#primaryimage\",\"inLanguage\":\"fr-FR\",\"url\":\"https:\/\/danielleking.ca\/wp-content\/uploads\/2016\/12\/our-rates.jpg\",\"contentUrl\":\"https:\/\/danielleking.ca\/wp-content\/uploads\/2016\/12\/our-rates.jpg\",\"width\":1200,\"height\":611},{\"@type\":\"WebPage\",\"@id\":\"https:\/\/danielleking.ca\/fr\/commercial-leasing\/#webpage\",\"url\":\"https:\/\/danielleking.ca\/fr\/commercial-leasing\/\",\"name\":\"Pr\\u00eats commerciaux & Cr\\u00e9dit-Bail - Centres Hypoth\\u00e9caires Dominion\",\"isPartOf\":{\"@id\":\"https:\/\/danielleking.ca\/#website\"},\"primaryImageOfPage\":{\"@id\":\"https:\/\/danielleking.ca\/fr\/commercial-leasing\/#primaryimage\"},\"datePublished\":\"2017-01-18T19:04:38+00:00\",\"dateModified\":\"2017-10-25T23:53:30+00:00\",\"breadcrumb\":{\"@id\":\"https:\/\/danielleking.ca\/fr\/commercial-leasing\/#breadcrumb\"},\"inLanguage\":\"fr-FR\",\"potentialAction\":[{\"@type\":\"ReadAction\",\"target\":[\"https:\/\/danielleking.ca\/fr\/commercial-leasing\/\"]}]},{\"@type\":\"BreadcrumbList\",\"@id\":\"https:\/\/danielleking.ca\/fr\/commercial-leasing\/#breadcrumb\",\"itemListElement\":[{\"@type\":\"ListItem\",\"position\":1,\"name\":\"Home\",\"item\":\"https:\/\/danielleking.ca\/fr\/\"},{\"@type\":\"ListItem\",\"position\":2,\"name\":\"Pr\\u00eats commerciaux &#038; Cr\\u00e9dit-Bail\"}]}]}<\/script>\n<!-- \/ Yoast SEO plugin. -->","yoast_head_json":{"robots":{"index":"index","follow":"follow","max-snippet":"max-snippet:-1","max-image-preview":"max-image-preview:large","max-video-preview":"max-video-preview:-1"},"canonical":"https:\/\/danielleking.ca\/fr\/commercial-leasing\/","og_locale":"fr_FR","og_type":"article","og_title":"Pr\u00eats commerciaux & Cr\u00e9dit-Bail - Centres Hypoth\u00e9caires Dominion","og_description":"Commercial Mortgages are designed for businesses and investors who wish to purchase or refinance commercial, income producing properties and offer a flexible way to raise capital.","og_url":"https:\/\/danielleking.ca\/fr\/commercial-leasing\/","og_site_name":"Centres Hypoth\u00e9caires Dominion","article_modified_time":"2017-10-25T23:53:30+00:00","og_image":[{"width":1200,"height":611,"url":"https:\/\/danielleking.ca\/wp-content\/uploads\/2016\/12\/our-rates.jpg","path":"\/var\/www\/sites\/wps\/sites\/code\/wp-content\/uploads\/2016\/12\/our-rates.jpg","size":"full","id":1069,"alt":"","pixels":733200,"type":"image\/jpeg"}],"twitter_card":"summary","twitter_misc":{"Dur\u00e9e de lecture est.":"1 minute"},"schema":{"@context":"https:\/\/schema.org","@graph":[{"@type":"WebSite","@id":"https:\/\/danielleking.ca\/#website","url":"https:\/\/danielleking.ca\/","name":"Centres Hypoth\u00e9caires Dominion","description":"Just another WordPress site","potentialAction":[{"@type":"SearchAction","target":{"@type":"EntryPoint","urlTemplate":"https:\/\/danielleking.ca\/?s={search_term_string}"},"query-input":"required name=search_term_string"}],"inLanguage":"fr-FR"},{"@type":"ImageObject","@id":"https:\/\/danielleking.ca\/fr\/commercial-leasing\/#primaryimage","inLanguage":"fr-FR","url":"https:\/\/danielleking.ca\/wp-content\/uploads\/2016\/12\/our-rates.jpg","contentUrl":"https:\/\/danielleking.ca\/wp-content\/uploads\/2016\/12\/our-rates.jpg","width":1200,"height":611},{"@type":"WebPage","@id":"https:\/\/danielleking.ca\/fr\/commercial-leasing\/#webpage","url":"https:\/\/danielleking.ca\/fr\/commercial-leasing\/","name":"Pr\u00eats commerciaux & Cr\u00e9dit-Bail - Centres Hypoth\u00e9caires Dominion","isPartOf":{"@id":"https:\/\/danielleking.ca\/#website"},"primaryImageOfPage":{"@id":"https:\/\/danielleking.ca\/fr\/commercial-leasing\/#primaryimage"},"datePublished":"2017-01-18T19:04:38+00:00","dateModified":"2017-10-25T23:53:30+00:00","breadcrumb":{"@id":"https:\/\/danielleking.ca\/fr\/commercial-leasing\/#breadcrumb"},"inLanguage":"fr-FR","potentialAction":[{"@type":"ReadAction","target":["https:\/\/danielleking.ca\/fr\/commercial-leasing\/"]}]},{"@type":"BreadcrumbList","@id":"https:\/\/danielleking.ca\/fr\/commercial-leasing\/#breadcrumb","itemListElement":[{"@type":"ListItem","position":1,"name":"Home","item":"https:\/\/danielleking.ca\/fr\/"},{"@type":"ListItem","position":2,"name":"Pr\u00eats commerciaux &#038; Cr\u00e9dit-Bail"}]}]}},"_links":{"self":[{"href":"https:\/\/danielleking.ca\/fr\/wp-json\/wp\/v2\/pages\/1133"}],"collection":[{"href":"https:\/\/danielleking.ca\/fr\/wp-json\/wp\/v2\/pages"}],"about":[{"href":"https:\/\/danielleking.ca\/fr\/wp-json\/wp\/v2\/types\/page"}],"author":[{"embeddable":true,"href":"https:\/\/danielleking.ca\/fr\/wp-json\/wp\/v2\/users\/1"}],"replies":[{"embeddable":true,"href":"https:\/\/danielleking.ca\/fr\/wp-json\/wp\/v2\/comments?post=1133"}],"version-history":[{"count":1,"href":"https:\/\/danielleking.ca\/fr\/wp-json\/wp\/v2\/pages\/1133\/revisions"}],"predecessor-version":[{"id":1262,"href":"https:\/\/danielleking.ca\/fr\/wp-json\/wp\/v2\/pages\/1133\/revisions\/1262"}],"wp:featuredmedia":[{"embeddable":true,"href":"https:\/\/danielleking.ca\/fr\/wp-json\/wp\/v2\/media\/1069"}],"wp:attachment":[{"href":"https:\/\/danielleking.ca\/fr\/wp-json\/wp\/v2\/media?parent=1133"}],"curies":[{"name":"wp","href":"https:\/\/api.w.org\/{rel}","templated":true}]}}